{"id":83,"date":"2023-03-14T14:14:57","date_gmt":"2023-03-14T14:14:57","guid":{"rendered":"https:\/\/www.veratech.es\/?page_id=83"},"modified":"2023-05-31T08:01:36","modified_gmt":"2023-05-31T08:01:36","slug":"aviso-legal","status":"publish","type":"page","link":"http:\/\/veratech.es\/en\/aviso-legal\/","title":{"rendered":"aviso-legal"},"content":{"rendered":"","protected":false},"excerpt":{"rendered":"","protected":false},"author":1,"featured_media":0,"parent":0,"menu_order":0,"comment_status":"closed","ping_status":"closed","template":"aviso_legal.php","meta":{"footnotes":""},"class_list":["post-83","page","type-page","status-publish","hentry"],"yoast_head":"<!-- This site is optimized with the Yoast SEO plugin v27.3 - https:\/\/yoast.com\/product\/yoast-seo-wordpress\/ -->\n<title>Aviso legal Veratech for Health<\/title>\n<meta name=\"description\" content=\"Aviso legal Veratech for Health. Aqu\u00ed encontrar\u00e1s toda la informaci\u00f3n legal de nuestra web Veratech.\" \/>\n<meta name=\"robots\" content=\"index, follow, max-snippet:-1, max-image-preview:large, max-video-preview:-1\" \/>\n<link rel=\"canonical\" href=\"https:\/\/veratech.es\/en\/aviso-legal\/\" \/>\n<meta property=\"og:locale\" content=\"en_GB\" \/>\n<meta property=\"og:type\" content=\"article\" \/>\n<meta property=\"og:title\" content=\"Aviso legal Veratech for Health\" \/>\n<meta property=\"og:description\" content=\"Aviso legal Veratech for Health. Aqu\u00ed encontrar\u00e1s toda la informaci\u00f3n legal de nuestra web Veratech.\" \/>\n<meta property=\"og:url\" content=\"https:\/\/veratech.es\/en\/aviso-legal\/\" \/>\n<meta property=\"og:site_name\" content=\"Veratech for Health\" \/>\n<meta property=\"article:modified_time\" content=\"2023-05-31T08:01:36+00:00\" \/>\n<meta name=\"twitter:card\" content=\"summary_large_image\" \/>\n<meta name=\"twitter:site\" content=\"@veratech\" \/>\n<script type=\"application\/ld+json\" class=\"yoast-schema-graph\">{\"@context\":\"https:\\\/\\\/schema.org\",\"@graph\":[{\"@type\":\"WebPage\",\"@id\":\"https:\\\/\\\/veratech.es\\\/aviso-legal\\\/\",\"url\":\"https:\\\/\\\/veratech.es\\\/aviso-legal\\\/\",\"name\":\"Aviso legal Veratech for Health\",\"isPartOf\":{\"@id\":\"https:\\\/\\\/veratech.es\\\/#website\"},\"datePublished\":\"2023-03-14T14:14:57+00:00\",\"dateModified\":\"2023-05-31T08:01:36+00:00\",\"description\":\"Aviso legal Veratech for Health. Aqu\u00ed encontrar\u00e1s toda la informaci\u00f3n legal de nuestra web Veratech.\",\"breadcrumb\":{\"@id\":\"https:\\\/\\\/veratech.es\\\/aviso-legal\\\/#breadcrumb\"},\"inLanguage\":\"en-GB\",\"potentialAction\":[{\"@type\":\"ReadAction\",\"target\":[\"https:\\\/\\\/veratech.es\\\/aviso-legal\\\/\"]}]},{\"@type\":\"BreadcrumbList\",\"@id\":\"https:\\\/\\\/veratech.es\\\/aviso-legal\\\/#breadcrumb\",\"itemListElement\":[{\"@type\":\"ListItem\",\"position\":1,\"name\":\"Portada\",\"item\":\"https:\\\/\\\/veratech.es\\\/\"},{\"@type\":\"ListItem\",\"position\":2,\"name\":\"aviso-legal\"}]},{\"@type\":\"WebSite\",\"@id\":\"https:\\\/\\\/veratech.es\\\/#website\",\"url\":\"https:\\\/\\\/veratech.es\\\/\",\"name\":\"Veratech for Health\",\"description\":\"Somos una consultor\u00eda de interoperabilidad sem\u00e1ntica que te ayuda a gestionar tus datos\",\"publisher\":{\"@id\":\"https:\\\/\\\/veratech.es\\\/#organization\"},\"potentialAction\":[{\"@type\":\"SearchAction\",\"target\":{\"@type\":\"EntryPoint\",\"urlTemplate\":\"https:\\\/\\\/veratech.es\\\/?s={search_term_string}\"},\"query-input\":{\"@type\":\"PropertyValueSpecification\",\"valueRequired\":true,\"valueName\":\"search_term_string\"}}],\"inLanguage\":\"en-GB\"},{\"@type\":\"Organization\",\"@id\":\"https:\\\/\\\/veratech.es\\\/#organization\",\"name\":\"Veratech for Health\",\"url\":\"https:\\\/\\\/veratech.es\\\/\",\"logo\":{\"@type\":\"ImageObject\",\"inLanguage\":\"en-GB\",\"@id\":\"https:\\\/\\\/veratech.es\\\/#\\\/schema\\\/logo\\\/image\\\/\",\"url\":\"https:\\\/\\\/veratech.es\\\/wp-content\\\/uploads\\\/2025\\\/03\\\/VT_15Aniversario.png\",\"contentUrl\":\"https:\\\/\\\/veratech.es\\\/wp-content\\\/uploads\\\/2025\\\/03\\\/VT_15Aniversario.png\",\"width\":1920,\"height\":538,\"caption\":\"Veratech for Health\"},\"image\":{\"@id\":\"https:\\\/\\\/veratech.es\\\/#\\\/schema\\\/logo\\\/image\\\/\"},\"sameAs\":[\"https:\\\/\\\/x.com\\\/veratech\",\"https:\\\/\\\/www.linkedin.com\\\/company\\\/2261467\\\/admin\\\/dashboard\\\/\"]}]}<\/script>\n<!-- \/ Yoast SEO plugin. -->","yoast_head_json":{"title":"Aviso legal Veratech for Health","description":"Aviso legal Veratech for Health. Aqu\u00ed encontrar\u00e1s toda la informaci\u00f3n legal de nuestra web Veratech.","robots":{"index":"index","follow":"follow","max-snippet":"max-snippet:-1","max-image-preview":"max-image-preview:large","max-video-preview":"max-video-preview:-1"},"canonical":"https:\/\/veratech.es\/en\/aviso-legal\/","og_locale":"en_GB","og_type":"article","og_title":"Aviso legal Veratech for Health","og_description":"Aviso legal Veratech for Health. Aqu\u00ed encontrar\u00e1s toda la informaci\u00f3n legal de nuestra web Veratech.","og_url":"https:\/\/veratech.es\/en\/aviso-legal\/","og_site_name":"Veratech for Health","article_modified_time":"2023-05-31T08:01:36+00:00","twitter_card":"summary_large_image","twitter_site":"@veratech","schema":{"@context":"https:\/\/schema.org","@graph":[{"@type":"WebPage","@id":"https:\/\/veratech.es\/aviso-legal\/","url":"https:\/\/veratech.es\/aviso-legal\/","name":"Aviso legal Veratech for Health","isPartOf":{"@id":"https:\/\/veratech.es\/#website"},"datePublished":"2023-03-14T14:14:57+00:00","dateModified":"2023-05-31T08:01:36+00:00","description":"Aviso legal Veratech for Health. Aqu\u00ed encontrar\u00e1s toda la informaci\u00f3n legal de nuestra web Veratech.","breadcrumb":{"@id":"https:\/\/veratech.es\/aviso-legal\/#breadcrumb"},"inLanguage":"en-GB","potentialAction":[{"@type":"ReadAction","target":["https:\/\/veratech.es\/aviso-legal\/"]}]},{"@type":"BreadcrumbList","@id":"https:\/\/veratech.es\/aviso-legal\/#breadcrumb","itemListElement":[{"@type":"ListItem","position":1,"name":"Portada","item":"https:\/\/veratech.es\/"},{"@type":"ListItem","position":2,"name":"aviso-legal"}]},{"@type":"WebSite","@id":"https:\/\/veratech.es\/#website","url":"https:\/\/veratech.es\/","name":"Veratech for Health","description":"Somos una consultor\u00eda de interoperabilidad sem\u00e1ntica que te ayuda a gestionar tus datos","publisher":{"@id":"https:\/\/veratech.es\/#organization"},"potentialAction":[{"@type":"SearchAction","target":{"@type":"EntryPoint","urlTemplate":"https:\/\/veratech.es\/?s={search_term_string}"},"query-input":{"@type":"PropertyValueSpecification","valueRequired":true,"valueName":"search_term_string"}}],"inLanguage":"en-GB"},{"@type":"Organization","@id":"https:\/\/veratech.es\/#organization","name":"Veratech for Health","url":"https:\/\/veratech.es\/","logo":{"@type":"ImageObject","inLanguage":"en-GB","@id":"https:\/\/veratech.es\/#\/schema\/logo\/image\/","url":"https:\/\/veratech.es\/wp-content\/uploads\/2025\/03\/VT_15Aniversario.png","contentUrl":"https:\/\/veratech.es\/wp-content\/uploads\/2025\/03\/VT_15Aniversario.png","width":1920,"height":538,"caption":"Veratech for Health"},"image":{"@id":"https:\/\/veratech.es\/#\/schema\/logo\/image\/"},"sameAs":["https:\/\/x.com\/veratech","https:\/\/www.linkedin.com\/company\/2261467\/admin\/dashboard\/"]}]}},"_links":{"self":[{"href":"http:\/\/veratech.es\/en\/wp-json\/wp\/v2\/pages\/83","targetHints":{"allow":["GET"]}}],"collection":[{"href":"http:\/\/veratech.es\/en\/wp-json\/wp\/v2\/pages"}],"about":[{"href":"http:\/\/veratech.es\/en\/wp-json\/wp\/v2\/types\/page"}],"author":[{"embeddable":true,"href":"http:\/\/veratech.es\/en\/wp-json\/wp\/v2\/users\/1"}],"replies":[{"embeddable":true,"href":"http:\/\/veratech.es\/en\/wp-json\/wp\/v2\/comments?post=83"}],"version-history":[{"count":1,"href":"http:\/\/veratech.es\/en\/wp-json\/wp\/v2\/pages\/83\/revisions"}],"predecessor-version":[{"id":84,"href":"http:\/\/veratech.es\/en\/wp-json\/wp\/v2\/pages\/83\/revisions\/84"}],"wp:attachment":[{"href":"http:\/\/veratech.es\/en\/wp-json\/wp\/v2\/media?parent=83"}],"curies":[{"name":"wp","href":"https:\/\/api.w.org\/{rel}","templated":true}]}}